{"id":3059,"date":"2023-09-04T13:17:19","date_gmt":"2023-09-04T13:17:19","guid":{"rendered":"https:\/\/www.ilbaluardo.it\/gruppo\/?page_id=3059"},"modified":"2024-07-16T09:18:53","modified_gmt":"2024-07-16T09:18:53","slug":"contatti-synlab-il-baluardo","status":"publish","type":"page","link":"https:\/\/www.ilbaluardo.it\/gruppo\/contatti-synlab-il-baluardo\/","title":{"rendered":"Contatti Synlab il Baluardo"},"content":{"rendered":"<p>[et_pb_section fb_built=&#8221;1&#8243; admin_label=&#8221;Header&#8221; _builder_version=&#8221;4.17.6&#8243; use_background_color_gradient=&#8221;on&#8221; background_color_gradient_stops=&#8221;rgba(16,144,175,0.23) 0%|rgba(21,31,51,0.13) 100%&#8221; background_color_gradient_overlays_image=&#8221;on&#8221; background_color_gradient_start=&#8221;rgba(16,144,175,0.23)&#8221; background_color_gradient_end=&#8221;rgba(21,31,51,0.13)&#8221; background_image=&#8221;https:\/\/www.ilbaluardo.it\/gruppo\/wp-content\/uploads\/RS10091_A25306917_original_clipdealer.de-lpr.jpg&#8221; custom_padding=&#8221;5.5vw||5.5vw||true|false&#8221; locked=&#8221;off&#8221; global_colors_info=&#8221;{}&#8221; background_color_gradient_start__hover=&#8221;#2b87da&#8221; background_color_gradient_start__hover_enabled=&#8221;#2b87da&#8221; background_color_gradient_end__hover=&#8221;#29c4a9&#8243; background_color_gradient_end__hover_enabled=&#8221;#29c4a9&#8243; use_background_color_gradient__hover=&#8221;off&#8221; use_background_color_gradient__hover_enabled=&#8221;off&#8221; background_color_gradient_type__hover=&#8221;linear&#8221; background_color_gradient_type__hover_enabled=&#8221;linear&#8221; background_color_gradient_direction__hover=&#8221;180deg&#8221; background_color_gradient_direction__hover_enabled=&#8221;180deg&#8221; background_color_gradient_direction_radial__hover=&#8221;center&#8221; background_color_gradient_direction_radial__hover_enabled=&#8221;center&#8221; background_color_gradient_start_position__hover=&#8221;0%&#8221; background_color_gradient_start_position__hover_enabled=&#8221;0%&#8221; background_color_gradient_end_position__hover=&#8221;100%&#8221; background_color_gradient_end_position__hover_enabled=&#8221;100%&#8221; background_color_gradient_overlays_image__hover=&#8221;off&#8221; background_color_gradient_overlays_image__hover_enabled=&#8221;off&#8221; background_color_gradient_stops__hover=&#8221;#2b87da 0%|#29c4a9 100%&#8221;][et_pb_row _builder_version=&#8221;4.16&#8243; max_width=&#8221;80%&#8221; use_custom_width=&#8221;on&#8221; width_unit=&#8221;off&#8221; custom_width_px__hover=&#8221;1080px&#8221; custom_width_px__hover_enabled=&#8221;1080px&#8221; custom_width_percent__hover=&#8221;80%&#8221; custom_width_percent__hover_enabled=&#8221;80%&#8221; global_colors_info=&#8221;{}&#8221; gutter_width__hover=&#8221;3&#8243; gutter_width__hover_enabled=&#8221;3&#8243; parallax_1__hover=&#8221;off&#8221; parallax_1__hover_enabled=&#8221;off&#8221; parallax_2__hover=&#8221;off&#8221; parallax_2__hover_enabled=&#8221;off&#8221; parallax_3__hover=&#8221;off&#8221; parallax_3__hover_enabled=&#8221;off&#8221; parallax_4__hover=&#8221;off&#8221; parallax_4__hover_enabled=&#8221;off&#8221; parallax_5__hover=&#8221;off&#8221; parallax_5__hover_enabled=&#8221;off&#8221; parallax_6__hover=&#8221;off&#8221; parallax_6__hover_enabled=&#8221;off&#8221; parallax_method_1__hover=&#8221;on&#8221; parallax_method_1__hover_enabled=&#8221;on&#8221; parallax_method_2__hover=&#8221;on&#8221; parallax_method_2__hover_enabled=&#8221;on&#8221; parallax_method_3__hover=&#8221;on&#8221; parallax_method_3__hover_enabled=&#8221;on&#8221; parallax_method_4__hover=&#8221;on&#8221; parallax_method_4__hover_enabled=&#8221;on&#8221; parallax_method_5__hover=&#8221;on&#8221; parallax_method_5__hover_enabled=&#8221;on&#8221; parallax_method_6__hover=&#8221;on&#8221; parallax_method_6__hover_enabled=&#8221;on&#8221; use_background_color_gradient__hover=&#8221;off&#8221; use_background_color_gradient__hover_enabled=&#8221;off&#8221; background_color_gradient_start__hover=&#8221;#2b87da&#8221; background_color_gradient_start__hover_enabled=&#8221;#2b87da&#8221; background_color_gradient_end__hover=&#8221;#29c4a9&#8243; background_color_gradient_end__hover_enabled=&#8221;#29c4a9&#8243; background_color_gradient_type__hover=&#8221;linear&#8221; background_color_gradient_type__hover_enabled=&#8221;linear&#8221; background_color_gradient_direction__hover=&#8221;180deg&#8221; background_color_gradient_direction__hover_enabled=&#8221;180deg&#8221; background_color_gradient_direction_radial__hover=&#8221;center&#8221; background_color_gradient_direction_radial__hover_enabled=&#8221;center&#8221; background_color_gradient_start_position__hover=&#8221;0%&#8221; background_color_gradient_start_position__hover_enabled=&#8221;0%&#8221; background_color_gradient_end_position__hover=&#8221;100%&#8221; background_color_gradient_end_position__hover_enabled=&#8221;100%&#8221; background_color_gradient_overlays_image__hover=&#8221;off&#8221; background_color_gradient_overlays_image__hover_enabled=&#8221;off&#8221; parallax__hover=&#8221;off&#8221; parallax__hover_enabled=&#8221;off&#8221; parallax_method__hover=&#8221;on&#8221; parallax_method__hover_enabled=&#8221;on&#8221; background_size__hover=&#8221;cover&#8221; background_size__hover_enabled=&#8221;cover&#8221; background_position__hover=&#8221;center&#8221; background_position__hover_enabled=&#8221;center&#8221; background_repeat__hover=&#8221;no-repeat&#8221; background_repeat__hover_enabled=&#8221;no-repeat&#8221; background_blend__hover=&#8221;normal&#8221; background_blend__hover_enabled=&#8221;normal&#8221; allow_player_pause__hover=&#8221;off&#8221; allow_player_pause__hover_enabled=&#8221;off&#8221; background_video_pause_outside_viewport__hover=&#8221;on&#8221; background_video_pause_outside_viewport__hover_enabled=&#8221;on&#8221; make_fullwidth__hover=&#8221;off&#8221; make_fullwidth__hover_enabled=&#8221;off&#8221; use_custom_width__hover=&#8221;off&#8221; use_custom_width__hover_enabled=&#8221;off&#8221; width_unit__hover=&#8221;on&#8221; width_unit__hover_enabled=&#8221;on&#8221; use_custom_gutter__hover=&#8221;off&#8221; use_custom_gutter__hover_enabled=&#8221;off&#8221; make_equal__hover=&#8221;off&#8221; make_equal__hover_enabled=&#8221;off&#8221; border_radii__hover=&#8221;on||||&#8221; border_radii__hover_enabled=&#8221;on||||&#8221; box_shadow_style__hover=&#8221;none&#8221; box_shadow_style__hover_enabled=&#8221;none&#8221; box_shadow_color__hover=&#8221;rgba(0,0,0,0.3)&#8221; box_shadow_color__hover_enabled=&#8221;rgba(0,0,0,0.3)&#8221; filter_hue_rotate__hover=&#8221;0deg&#8221; filter_hue_rotate__hover_enabled=&#8221;0deg&#8221; filter_saturate__hover=&#8221;100%&#8221; filter_saturate__hover_enabled=&#8221;100%&#8221; filter_brightness__hover=&#8221;100%&#8221; filter_brightness__hover_enabled=&#8221;100%&#8221; filter_contrast__hover=&#8221;100%&#8221; filter_contrast__hover_enabled=&#8221;100%&#8221; filter_invert__hover=&#8221;0%&#8221; filter_invert__hover_enabled=&#8221;0%&#8221; filter_sepia__hover=&#8221;0%&#8221; filter_sepia__hover_enabled=&#8221;0%&#8221; filter_opacity__hover=&#8221;100%&#8221; filter_opacity__hover_enabled=&#8221;100%&#8221; filter_blur__hover=&#8221;0px&#8221; filter_blur__hover_enabled=&#8221;0px&#8221; mix_blend_mode__hover=&#8221;normal&#8221; mix_blend_mode__hover_enabled=&#8221;normal&#8221; animation_style__hover=&#8221;none&#8221; animation_style__hover_enabled=&#8221;none&#8221; animation_repeat__hover=&#8221;once&#8221; animation_repeat__hover_enabled=&#8221;once&#8221; animation_direction__hover=&#8221;center&#8221; animation_direction__hover_enabled=&#8221;center&#8221; animation_duration__hover=&#8221;1000ms&#8221; animation_duration__hover_enabled=&#8221;1000ms&#8221; animation_delay__hover=&#8221;0ms&#8221; animation_delay__hover_enabled=&#8221;0ms&#8221; animation_intensity_slide__hover=&#8221;50%&#8221; animation_intensity_slide__hover_enabled=&#8221;50%&#8221; animation_intensity_zoom__hover=&#8221;50%&#8221; animation_intensity_zoom__hover_enabled=&#8221;50%&#8221; animation_intensity_flip__hover=&#8221;50%&#8221; animation_intensity_flip__hover_enabled=&#8221;50%&#8221; animation_intensity_fold__hover=&#8221;50%&#8221; animation_intensity_fold__hover_enabled=&#8221;50%&#8221; animation_intensity_roll__hover=&#8221;50%&#8221; animation_intensity_roll__hover_enabled=&#8221;50%&#8221; animation_starting_opacity__hover=&#8221;0%&#8221; animation_starting_opacity__hover_enabled=&#8221;0%&#8221; animation_speed_curve__hover=&#8221;ease-in-out&#8221; animation_speed_curve__hover_enabled=&#8221;ease-in-out&#8221; hover_transition_duration__hover=&#8221;300ms&#8221; hover_transition_duration__hover_enabled=&#8221;300ms&#8221; hover_transition_delay__hover=&#8221;0ms&#8221; hover_transition_delay__hover_enabled=&#8221;0ms&#8221; hover_transition_speed_curve__hover=&#8221;ease&#8221; hover_transition_speed_curve__hover_enabled=&#8221;ease&#8221; width__hover=&#8221;80%&#8221; width__hover_enabled=&#8221;80%&#8221; max_width__hover=&#8221;80%&#8221; max_width__hover_enabled=&#8221;80%&#8221; background_color_gradient_stops__hover=&#8221;#2b87da 0%|#29c4a9 100%&#8221;][et_pb_column type=&#8221;4_4&#8243; _builder_version=&#8221;4.16&#8243; custom_padding=&#8221;|||&#8221; global_colors_info=&#8221;{}&#8221; custom_padding__hover=&#8221;|||&#8221;][et_pb_cta title=&#8221;Contatti&#8221; button_url=&#8221;#&#8221; _builder_version=&#8221;4.17.6&#8243; header_level=&#8221;h1&#8243; header_font=&#8221;Arial|900||on|||||&#8221; header_font_size=&#8221;80px&#8221; header_letter_spacing=&#8221;2px&#8221; header_line_height=&#8221;1.2em&#8221; body_font=&#8221;Arial||||||||&#8221; body_font_size=&#8221;20px&#8221; body_line_height=&#8221;1.3em&#8221; use_background_color=&#8221;off&#8221; custom_button=&#8221;on&#8221; button_text_size=&#8221;16px&#8221; button_text_color=&#8221;#ffffff&#8221; button_bg_color=&#8221;#fa7f28&#8243; button_border_width=&#8221;6px&#8221; button_border_color=&#8221;#fa7f28&#8243; button_border_radius=&#8221;5px&#8221; button_letter_spacing=&#8221;2px&#8221; button_font=&#8221;Lato|900||on|||||&#8221; text_orientation=&#8221;left&#8221; max_width=&#8221;750px&#8221; module_alignment=&#8221;left&#8221; animation_style=&#8221;fold&#8221; animation_intensity_fold=&#8221;16%&#8221; header_font_size_tablet=&#8221;46px&#8221; header_font_size_phone=&#8221;&#8221; header_font_size_last_edited=&#8221;on|tablet&#8221; header_text_shadow_style=&#8221;preset1&#8243; header_text_shadow_blur_strength=&#8221;0.6em&#8221; header_text_shadow_color=&#8221;rgba(0,0,0,0.6)&#8221; box_shadow_style_button=&#8221;preset3&#8243; box_shadow_blur_button=&#8221;30px&#8221; box_shadow_spread_button=&#8221;8px&#8221; box_shadow_color_button=&#8221;rgba(250,127,40,0.15)&#8221; button_letter_spacing_hover=&#8221;2px&#8221; global_colors_info=&#8221;{}&#8221; button_text_size__hover_enabled=&#8221;off&#8221; button_one_text_size__hover_enabled=&#8221;off&#8221; button_two_text_size__hover_enabled=&#8221;off&#8221; button_text_color__hover_enabled=&#8221;off&#8221; button_one_text_color__hover_enabled=&#8221;off&#8221; button_two_text_color__hover_enabled=&#8221;off&#8221; button_border_width__hover_enabled=&#8221;off&#8221; button_one_border_width__hover_enabled=&#8221;off&#8221; button_two_border_width__hover_enabled=&#8221;off&#8221; button_border_color__hover_enabled=&#8221;off&#8221; button_one_border_color__hover_enabled=&#8221;off&#8221; button_two_border_color__hover_enabled=&#8221;off&#8221; button_border_radius__hover_enabled=&#8221;off&#8221; button_one_border_radius__hover_enabled=&#8221;off&#8221; button_two_border_radius__hover_enabled=&#8221;off&#8221; button_letter_spacing__hover_enabled=&#8221;on&#8221; button_letter_spacing__hover=&#8221;2px&#8221; button_one_letter_spacing__hover_enabled=&#8221;off&#8221; button_two_letter_spacing__hover_enabled=&#8221;off&#8221; button_bg_color__hover_enabled=&#8221;off&#8221; button_one_bg_color__hover_enabled=&#8221;off&#8221; button_two_bg_color__hover_enabled=&#8221;off&#8221;][\/et_pb_cta][\/et_pb_column][\/et_pb_row][\/et_pb_section][et_pb_section fb_built=&#8221;1&#8243; admin_label=&#8221;Sezione&#8221; _builder_version=&#8221;4.16&#8243; locked=&#8221;off&#8221; global_colors_info=&#8221;{}&#8221;][et_pb_row _builder_version=&#8221;4.16&#8243; _module_preset=&#8221;default&#8221; global_colors_info=&#8221;{}&#8221;][et_pb_column type=&#8221;4_4&#8243; _builder_version=&#8221;4.16&#8243; _module_preset=&#8221;default&#8221; global_colors_info=&#8221;{}&#8221;][et_pb_divider show_divider=&#8221;off&#8221; _builder_version=&#8221;4.16&#8243; _module_preset=&#8221;default&#8221; width=&#8221;74%&#8221; module_alignment=&#8221;center&#8221; custom_margin=&#8221;-16px|||||&#8221; global_colors_info=&#8221;{}&#8221;][\/et_pb_divider][et_pb_text _builder_version=&#8221;4.17.6&#8243; text_font=&#8221;Arial|||on|||||&#8221; text_font_size=&#8221;16px&#8221; ul_font=&#8221;|700|||||||&#8221; ul_line_height=&#8221;2em&#8221; ol_font=&#8221;||||||||&#8221; header_font=&#8221;Arial||||||||&#8221; header_2_font=&#8221;Arial|700|||||||&#8221; header_2_font_size=&#8221;40px&#8221; header_2_line_height=&#8221;1.4em&#8221; header_3_font=&#8221;|700|||||||&#8221; header_4_font=&#8221;||||||||&#8221; header_5_font=&#8221;||||||||&#8221; header_6_font=&#8221;||||||||&#8221; custom_margin=&#8221;||16px||false|false&#8221; header_2_font_size_tablet=&#8221;&#8221; header_2_font_size_phone=&#8221;24px&#8221; header_2_font_size_last_edited=&#8221;on|phone&#8221; locked=&#8221;off&#8221; global_colors_info=&#8221;{}&#8221;]<\/p>\n<h3 style=\"margin-bottom: 16px; text-align: center;\"><span style=\"color: #1c7a9d;\">Ufficio informazioni<br \/><\/span><\/h3>\n<p>[\/et_pb_text][et_pb_text _builder_version=&#8221;4.17.6&#8243; _module_preset=&#8221;default&#8221; text_font=&#8221;|600|||||||&#8221; text_font_size=&#8221;16px&#8221; hover_enabled=&#8221;0&#8243; global_colors_info=&#8221;{}&#8221; sticky_enabled=&#8221;0&#8243;]<\/p>\n<p style=\"text-align: center;\"><strong>Il personale del Centralino \u00e8 a vostra disposizione dal luned\u00ec al venerd\u00ec, dalle ore 8.00 alle ore 19.00<\/strong><\/p>\n<p style=\"text-align: center;\">Telefono:\u00a0<a href=\"tel:+390102471034\"><strong>010 2471034<\/strong><\/a><br \/>Email:\u00a0<strong><a href=\"mailto:info.liguria@synlab.it\">info.liguria@synlab.it <\/a><\/strong><\/p>\n<p style=\"text-align: center;\">Per richiedere Preventivi:<br \/>indicare la provincia di residenza o la sede dove voler effettuare la prestazione<br \/>Email: <strong><a href=\"mailto:preventivi.liguria@synlab.it\" data-linkindex=\"0\">preventivi.liguria@synlab.it<\/a><br \/><\/strong><\/p>\n<p>[\/et_pb_text][\/et_pb_column][\/et_pb_row][et_pb_row column_structure=&#8221;1_3,1_3,1_3&#8243; _builder_version=&#8221;4.16&#8243; _module_preset=&#8221;default&#8221; global_colors_info=&#8221;{}&#8221;][et_pb_column type=&#8221;1_3&#8243; admin_label=&#8221;Colonna&#8221; _builder_version=&#8221;4.16&#8243; _module_preset=&#8221;default&#8221; global_colors_info=&#8221;{}&#8221;][et_pb_text admin_label=&#8221;Testo&#8221; _builder_version=&#8221;4.17.6&#8243; _module_preset=&#8221;default&#8221; text_text_color=&#8221;#0DA0C5&#8243; custom_margin=&#8221;32px||||false|false&#8221; global_colors_info=&#8221;{}&#8221;]<\/p>\n<h4 style=\"color: #003056; text-align: center;\"><strong>MEDICINA DEL LAVORO<\/strong><\/h4>\n<p style=\"text-align: center;\"><strong><a href=\"mailto:mdl.genova@synlab.it\" data-linkindex=\"0\" id=\"OWAd0b0006f-be59-d69b-48e6-6fabf459ae8e\" class=\"OWAAutoLink ContentPasted1\" style=\"font-style: normal; font-variant-caps: normal; font-weight: 400; letter-spacing: normal; orphans: auto; text-align: start; text-indent: 0px; text-transform: none; white-space: normal; widows: auto; word-spacing: 0px; -webkit-text-size-adjust: auto; -webkit-text-stroke-width: 0px; font-size: 14.6667px; font-family: Calibri, sans-serif; margin: 0px; outline: 0px; background-color: #ffffff;\">mdl.genova@synlab.it<\/a><span style=\"font-style: normal; font-variant-caps: normal; font-weight: 400; letter-spacing: normal; orphans: auto; text-align: start; text-indent: 0px; text-transform: none; white-space: normal; widows: auto; word-spacing: 0px; -webkit-text-size-adjust: auto; -webkit-text-stroke-width: 0px; text-decoration: none; font-family: Calibri, sans-serif; font-size: 14.6667px; color: #242424; background-color: #ffffff; display: inline !important;\"><span class=\"ContentPasted1\">\u00a0<\/span><\/span><\/strong><\/p>\n<p>[\/et_pb_text][\/et_pb_column][et_pb_column type=&#8221;1_3&#8243; admin_label=&#8221;Colonna&#8221; _builder_version=&#8221;4.16&#8243; _module_preset=&#8221;default&#8221; global_colors_info=&#8221;{}&#8221;][et_pb_text _builder_version=&#8221;4.17.6&#8243; _module_preset=&#8221;default&#8221; text_text_color=&#8221;#0DA0C5&#8243; custom_margin=&#8221;32px||||false|false&#8221; global_colors_info=&#8221;{}&#8221;]<\/p>\n<h4 style=\"color: #003056; text-align: center;\"><strong>MEDICINA DELLO SPORT<br \/><\/strong><\/h4>\n<p style=\"text-align: center;\"><strong><a href=\"mailto:sport.liguria@synlab.it\" style=\"font-family: Calibri, Arial, Helvetica, sans-serif; font-size: 16px; font-style: normal; font-variant-caps: normal; font-weight: 400; letter-spacing: normal; orphans: auto; text-align: start; text-indent: 0px; text-transform: none; white-space: normal; widows: auto; word-spacing: 0px; -webkit-text-size-adjust: auto; -webkit-text-stroke-width: 0px;\">sport.liguria@synlab.it<\/a><\/strong><\/p>\n<p>[\/et_pb_text][\/et_pb_column][et_pb_column type=&#8221;1_3&#8243; admin_label=&#8221;Colonna&#8221; _builder_version=&#8221;4.16&#8243; _module_preset=&#8221;default&#8221; global_colors_info=&#8221;{}&#8221;][et_pb_text _builder_version=&#8221;4.17.6&#8243; _module_preset=&#8221;default&#8221; text_text_color=&#8221;#0DA0C5&#8243; custom_margin=&#8221;32px||||false|false&#8221; global_colors_info=&#8221;{}&#8221;]<\/p>\n<h4 style=\"color: #003056; text-align: center;\"><strong>UFFICIO COMUNICAZIONE<br \/><\/strong><\/h4>\n<p style=\"text-align: center;\"><strong><a href=\"mailto:comunicazione.liguria@synlab.it\" style=\"font-family: Calibri, Arial, Helvetica, sans-serif; font-size: 16px; font-style: normal; font-variant-caps: normal; font-weight: 400; letter-spacing: normal; orphans: auto; text-align: start; text-indent: 0px; text-transform: none; white-space: normal; widows: auto; word-spacing: 0px; -webkit-text-size-adjust: auto; -webkit-text-stroke-width: 0px;\">comunicazione.liguria@synlab.it<\/a><\/strong><\/p>\n<p>[\/et_pb_text][\/et_pb_column][\/et_pb_row][et_pb_row _builder_version=&#8221;4.17.6&#8243; _module_preset=&#8221;default&#8221; global_colors_info=&#8221;{}&#8221;][et_pb_column type=&#8221;4_4&#8243; _builder_version=&#8221;4.17.6&#8243; _module_preset=&#8221;default&#8221; global_colors_info=&#8221;{}&#8221;][et_pb_cta title=&#8221; Iscriviti alla newsletter&#8221; button_url=&#8221;https:\/\/www.synlab.it\/dove-siamo-2\/newsletter.html&#8221; url_new_window=&#8221;on&#8221; button_text=&#8221;Iscriviti&#8221; _builder_version=&#8221;4.17.6&#8243; _module_preset=&#8221;default&#8221; body_text_align=&#8221;center&#8221; custom_button=&#8221;on&#8221; button_text_color=&#8221;#FFFFFF&#8221; button_use_icon=&#8221;off&#8221; button_alignment=&#8221;center&#8221; global_colors_info=&#8221;{}&#8221;]<\/p>\n<p style=\"text-align: center;\">Rimani aggiornato su tutte le novit\u00e0 di Synlab Italia<\/p>\n<p>[\/et_pb_cta][\/et_pb_column][\/et_pb_row][\/et_pb_section]<\/p>\n","protected":false},"excerpt":{"rendered":"<p>Ufficio informazioniIl personale del Centralino \u00e8 a vostra disposizione dal luned\u00ec al venerd\u00ec, dalle ore 8.00 alle ore 19.00 Telefono:\u00a0010 2471034Email:\u00a0info.liguria@synlab.it Per richiedere Preventivi:indicare la provincia di residenza o la sede dove voler effettuare la prestazioneEmail: preventivi.liguria@synlab.itMEDICINA DEL LAVORO mdl.genova@synlab.it\u00a0MEDICINA DELLO SPORT sport.liguria@synlab.itUFFICIO COMUNICAZIONE comunicazione.liguria@synlab.itRimani aggiornato su tutte le novit\u00e0 di Synlab Italia<\/p>\n","protected":false},"author":7,"featured_media":0,"parent":0,"menu_order":0,"comment_status":"closed","ping_status":"closed","template":"","meta":{"_et_pb_use_builder":"on","_et_pb_old_content":"","_et_gb_content_width":""},"yoast_head":"<!-- This site is optimized with the Yoast SEO plugin v19.4 - https:\/\/yoast.com\/wordpress\/plugins\/seo\/ -->\n<title>Contatti Synlab il Baluardo - SYNLAB Il Baluardo<\/title>\n<meta name=\"robots\" content=\"index, follow, max-snippet:-1, max-image-preview:large, max-video-preview:-1\" \/>\n<link rel=\"canonical\" href=\"https:\/\/www.ilbaluardo.it\/gruppo\/contatti-synlab-il-baluardo\/\" \/>\n<meta property=\"og:locale\" content=\"it_IT\" \/>\n<meta property=\"og:type\" content=\"article\" \/>\n<meta property=\"og:title\" content=\"Contatti Synlab il Baluardo - SYNLAB Il Baluardo\" \/>\n<meta property=\"og:description\" content=\"Ufficio informazioniIl personale del Centralino \u00e8 a vostra disposizione dal luned\u00ec al venerd\u00ec, dalle ore 8.00 alle ore 19.00 Telefono:\u00a0010 2471034Email:\u00a0info.liguria@synlab.it Per richiedere Preventivi:indicare la provincia di residenza o la sede dove voler effettuare la prestazioneEmail: preventivi.liguria@synlab.itMEDICINA DEL LAVORO mdl.genova@synlab.it\u00a0MEDICINA DELLO SPORT sport.liguria@synlab.itUFFICIO COMUNICAZIONE comunicazione.liguria@synlab.itRimani aggiornato su tutte le novit\u00e0 di Synlab Italia\" \/>\n<meta property=\"og:url\" content=\"https:\/\/www.ilbaluardo.it\/gruppo\/contatti-synlab-il-baluardo\/\" \/>\n<meta property=\"og:site_name\" content=\"SYNLAB Il Baluardo\" \/>\n<meta property=\"article:modified_time\" content=\"2024-07-16T09:18:53+00:00\" \/>\n<meta name=\"twitter:card\" content=\"summary_large_image\" \/>\n<meta name=\"twitter:label1\" content=\"Tempo di lettura stimato\" \/>\n\t<meta name=\"twitter:data1\" content=\"3 minuti\" \/>\n<script type=\"application\/ld+json\" class=\"yoast-schema-graph\">{\"@context\":\"https:\/\/schema.org\",\"@graph\":[{\"@type\":\"WebSite\",\"@id\":\"https:\/\/www.ilbaluardo.it\/gruppo\/#website\",\"url\":\"https:\/\/www.ilbaluardo.it\/gruppo\/\",\"name\":\"SYNLAB Il Baluardo\",\"description\":\"Centro Diagnostico Polispecialistico privato Genova\",\"potentialAction\":[{\"@type\":\"SearchAction\",\"target\":{\"@type\":\"EntryPoint\",\"urlTemplate\":\"https:\/\/www.ilbaluardo.it\/gruppo\/?s={search_term_string}\"},\"query-input\":\"required name=search_term_string\"}],\"inLanguage\":\"it-IT\"},{\"@type\":\"WebPage\",\"@id\":\"https:\/\/www.ilbaluardo.it\/gruppo\/contatti-synlab-il-baluardo\/\",\"url\":\"https:\/\/www.ilbaluardo.it\/gruppo\/contatti-synlab-il-baluardo\/\",\"name\":\"Contatti Synlab il Baluardo - SYNLAB Il Baluardo\",\"isPartOf\":{\"@id\":\"https:\/\/www.ilbaluardo.it\/gruppo\/#website\"},\"datePublished\":\"2023-09-04T13:17:19+00:00\",\"dateModified\":\"2024-07-16T09:18:53+00:00\",\"breadcrumb\":{\"@id\":\"https:\/\/www.ilbaluardo.it\/gruppo\/contatti-synlab-il-baluardo\/#breadcrumb\"},\"inLanguage\":\"it-IT\",\"potentialAction\":[{\"@type\":\"ReadAction\",\"target\":[\"https:\/\/www.ilbaluardo.it\/gruppo\/contatti-synlab-il-baluardo\/\"]}]},{\"@type\":\"BreadcrumbList\",\"@id\":\"https:\/\/www.ilbaluardo.it\/gruppo\/contatti-synlab-il-baluardo\/#breadcrumb\",\"itemListElement\":[{\"@type\":\"ListItem\",\"position\":1,\"name\":\"Home\",\"item\":\"https:\/\/www.ilbaluardo.it\/gruppo\/\"},{\"@type\":\"ListItem\",\"position\":2,\"name\":\"Contatti Synlab il Baluardo\"}]}]}<\/script>\n<!-- \/ Yoast SEO plugin. -->","yoast_head_json":{"title":"Contatti Synlab il Baluardo - SYNLAB Il Baluardo","robots":{"index":"index","follow":"follow","max-snippet":"max-snippet:-1","max-image-preview":"max-image-preview:large","max-video-preview":"max-video-preview:-1"},"canonical":"https:\/\/www.ilbaluardo.it\/gruppo\/contatti-synlab-il-baluardo\/","og_locale":"it_IT","og_type":"article","og_title":"Contatti Synlab il Baluardo - SYNLAB Il Baluardo","og_description":"Ufficio informazioniIl personale del Centralino \u00e8 a vostra disposizione dal luned\u00ec al venerd\u00ec, dalle ore 8.00 alle ore 19.00 Telefono:\u00a0010 2471034Email:\u00a0info.liguria@synlab.it Per richiedere Preventivi:indicare la provincia di residenza o la sede dove voler effettuare la prestazioneEmail: preventivi.liguria@synlab.itMEDICINA DEL LAVORO mdl.genova@synlab.it\u00a0MEDICINA DELLO SPORT sport.liguria@synlab.itUFFICIO COMUNICAZIONE comunicazione.liguria@synlab.itRimani aggiornato su tutte le novit\u00e0 di Synlab Italia","og_url":"https:\/\/www.ilbaluardo.it\/gruppo\/contatti-synlab-il-baluardo\/","og_site_name":"SYNLAB Il Baluardo","article_modified_time":"2024-07-16T09:18:53+00:00","twitter_card":"summary_large_image","twitter_misc":{"Tempo di lettura stimato":"3 minuti"},"schema":{"@context":"https:\/\/schema.org","@graph":[{"@type":"WebSite","@id":"https:\/\/www.ilbaluardo.it\/gruppo\/#website","url":"https:\/\/www.ilbaluardo.it\/gruppo\/","name":"SYNLAB Il Baluardo","description":"Centro Diagnostico Polispecialistico privato Genova","potentialAction":[{"@type":"SearchAction","target":{"@type":"EntryPoint","urlTemplate":"https:\/\/www.ilbaluardo.it\/gruppo\/?s={search_term_string}"},"query-input":"required name=search_term_string"}],"inLanguage":"it-IT"},{"@type":"WebPage","@id":"https:\/\/www.ilbaluardo.it\/gruppo\/contatti-synlab-il-baluardo\/","url":"https:\/\/www.ilbaluardo.it\/gruppo\/contatti-synlab-il-baluardo\/","name":"Contatti Synlab il Baluardo - SYNLAB Il Baluardo","isPartOf":{"@id":"https:\/\/www.ilbaluardo.it\/gruppo\/#website"},"datePublished":"2023-09-04T13:17:19+00:00","dateModified":"2024-07-16T09:18:53+00:00","breadcrumb":{"@id":"https:\/\/www.ilbaluardo.it\/gruppo\/contatti-synlab-il-baluardo\/#breadcrumb"},"inLanguage":"it-IT","potentialAction":[{"@type":"ReadAction","target":["https:\/\/www.ilbaluardo.it\/gruppo\/contatti-synlab-il-baluardo\/"]}]},{"@type":"BreadcrumbList","@id":"https:\/\/www.ilbaluardo.it\/gruppo\/contatti-synlab-il-baluardo\/#breadcrumb","itemListElement":[{"@type":"ListItem","position":1,"name":"Home","item":"https:\/\/www.ilbaluardo.it\/gruppo\/"},{"@type":"ListItem","position":2,"name":"Contatti Synlab il Baluardo"}]}]}},"_links":{"self":[{"href":"https:\/\/www.ilbaluardo.it\/gruppo\/wp-json\/wp\/v2\/pages\/3059"}],"collection":[{"href":"https:\/\/www.ilbaluardo.it\/gruppo\/wp-json\/wp\/v2\/pages"}],"about":[{"href":"https:\/\/www.ilbaluardo.it\/gruppo\/wp-json\/wp\/v2\/types\/page"}],"author":[{"embeddable":true,"href":"https:\/\/www.ilbaluardo.it\/gruppo\/wp-json\/wp\/v2\/users\/7"}],"replies":[{"embeddable":true,"href":"https:\/\/www.ilbaluardo.it\/gruppo\/wp-json\/wp\/v2\/comments?post=3059"}],"version-history":[{"count":14,"href":"https:\/\/www.ilbaluardo.it\/gruppo\/wp-json\/wp\/v2\/pages\/3059\/revisions"}],"predecessor-version":[{"id":3881,"href":"https:\/\/www.ilbaluardo.it\/gruppo\/wp-json\/wp\/v2\/pages\/3059\/revisions\/3881"}],"wp:attachment":[{"href":"https:\/\/www.ilbaluardo.it\/gruppo\/wp-json\/wp\/v2\/media?parent=3059"}],"curies":[{"name":"wp","href":"https:\/\/api.w.org\/{rel}","templated":true}]}}